{"id":1,"date":"2023-11-01T09:14:46","date_gmt":"2023-11-01T08:14:46","guid":{"rendered":"https:\/\/www.kancelariapawlowski.pl\/?page_id=1"},"modified":"2024-03-27T21:50:06","modified_gmt":"2024-03-27T20:50:06","slug":"strona-glowna","status":"publish","type":"page","link":"https:\/\/www.kancelariapawlowski.pl\/","title":{"rendered":"Strona g\u0142\u00f3wna"},"content":{"rendered":"<p>W ramach mojej Kancelarii Adwokackiej \u015bwiadcz\u0119 profesjonalna pomoc prawn\u0105 na rzecz przedsi\u0119biorc\u00f3w i klient\u00f3w indywidualnych z poszanowaniem przepis\u00f3w prawa, przestrzegaj\u0105c zasad etyki i godno\u015bci zawodu adwokata.<br \/>\nKancelaria po\u0142o\u017cona jest w Wodzis\u0142awiu \u015al\u0105skim przy ul. Wa\u0142owej 31.<\/p>\n","protected":false},"excerpt":{"rendered":"<p>W ramach mojej Kancelarii Adwokackiej \u015bwiadcz\u0119 profesjonalna pomoc prawn\u0105 na rzecz przedsi\u0119biorc\u00f3w i klient\u00f3w indywidualnych z poszanowaniem przepis\u00f3w prawa, przestrzegaj\u0105c zasad etyki i godno\u015bci zawodu adwokata. Kancelaria po\u0142o\u017cona jest w Wodzis\u0142awiu \u015al\u0105skim przy ul. Wa\u0142owej 31.<\/p>\n","protected":false},"author":1,"featured_media":0,"parent":0,"menu_order":0,"comment_status":"closed","ping_status":"closed","template":"page-home.php","meta":{"_acf_changed":false,"footnotes":""},"class_list":["post-1","page","type-page","status-publish","hentry"],"acf":[],"yoast_head":"<!-- This site is optimized with the Yoast SEO plugin v27.4 - https:\/\/yoast.com\/product\/yoast-seo-wordpress\/ -->\n<title>Adwokat Adam Paw\u0142owski - Kancelaria Adwokacka Wodzis\u0142aw \u015al\u0105ski<\/title>\n<meta name=\"description\" content=\"Kancelaria \u015bwiadczy profesjonaln\u0105 pomoc prawn\u0105 na rzecz przedsi\u0119biorc\u00f3w i klient\u00f3w indywidualnych z poszanowaniem przepis\u00f3w prawa, przestrzegaj\u0105c zasad etyki i godno\u015bci zawodu adwokata. Kancelaria Adwokacka po\u0142o\u017cona jest w Wodzis\u0142awiu \u015al\u0105skim przy ul. Wa\u0142owej 31.\" \/>\n<meta name=\"robots\" content=\"index, follow, max-snippet:-1, max-image-preview:large, max-video-preview:-1\" \/>\n<link rel=\"canonical\" href=\"https:\/\/www.kancelariapawlowski.pl\/\" \/>\n<meta property=\"og:locale\" content=\"pl_PL\" \/>\n<meta property=\"og:type\" content=\"article\" \/>\n<meta property=\"og:title\" content=\"Adwokat Adam Paw\u0142owski - Kancelaria Adwokacka Wodzis\u0142aw \u015al\u0105ski\" \/>\n<meta property=\"og:description\" content=\"Kancelaria \u015bwiadczy profesjonaln\u0105 pomoc prawn\u0105 na rzecz przedsi\u0119biorc\u00f3w i klient\u00f3w indywidualnych z poszanowaniem przepis\u00f3w prawa, przestrzegaj\u0105c zasad etyki i godno\u015bci zawodu adwokata. Kancelaria Adwokacka po\u0142o\u017cona jest w Wodzis\u0142awiu \u015al\u0105skim przy ul. Wa\u0142owej 31.\" \/>\n<meta property=\"og:url\" content=\"https:\/\/www.kancelariapawlowski.pl\/\" \/>\n<meta property=\"og:site_name\" content=\"Adwokat Adam Paw\u0142owski Kancelaria Adwokacka\" \/>\n<meta property=\"article:modified_time\" content=\"2024-03-27T20:50:06+00:00\" \/>\n<meta property=\"og:image\" content=\"https:\/\/www.kancelariapawlowski.pl\/wp-content\/uploads\/2023\/11\/icon-wide.png\" \/>\n\t<meta property=\"og:image:width\" content=\"558\" \/>\n\t<meta property=\"og:image:height\" content=\"270\" \/>\n\t<meta property=\"og:image:type\" content=\"image\/png\" \/>\n<meta name=\"twitter:card\" content=\"summary_large_image\" \/>\n<meta name=\"twitter:label1\" content=\"Szacowany czas czytania\" \/>\n\t<meta name=\"twitter:data1\" content=\"1 minuta\" \/>\n<script type=\"application\/ld+json\" class=\"yoast-schema-graph\">{\"@context\":\"https:\\\/\\\/schema.org\",\"@graph\":[{\"@type\":\"WebPage\",\"@id\":\"https:\\\/\\\/www.kancelariapawlowski.pl\\\/\",\"url\":\"https:\\\/\\\/www.kancelariapawlowski.pl\\\/\",\"name\":\"Adwokat Adam Paw\u0142owski - Kancelaria Adwokacka Wodzis\u0142aw \u015al\u0105ski\",\"isPartOf\":{\"@id\":\"https:\\\/\\\/www.kancelariapawlowski.pl\\\/#website\"},\"datePublished\":\"2023-11-01T08:14:46+00:00\",\"dateModified\":\"2024-03-27T20:50:06+00:00\",\"description\":\"Kancelaria \u015bwiadczy profesjonaln\u0105 pomoc prawn\u0105 na rzecz przedsi\u0119biorc\u00f3w i klient\u00f3w indywidualnych z poszanowaniem przepis\u00f3w prawa, przestrzegaj\u0105c zasad etyki i godno\u015bci zawodu adwokata. Kancelaria Adwokacka po\u0142o\u017cona jest w Wodzis\u0142awiu \u015al\u0105skim przy ul. Wa\u0142owej 31.\",\"breadcrumb\":{\"@id\":\"https:\\\/\\\/www.kancelariapawlowski.pl\\\/#breadcrumb\"},\"inLanguage\":\"pl-PL\",\"potentialAction\":[{\"@type\":\"ReadAction\",\"target\":[\"https:\\\/\\\/www.kancelariapawlowski.pl\\\/\"]}]},{\"@type\":\"BreadcrumbList\",\"@id\":\"https:\\\/\\\/www.kancelariapawlowski.pl\\\/#breadcrumb\",\"itemListElement\":[{\"@type\":\"ListItem\",\"position\":1,\"name\":\"Strona g\u0142\u00f3wna\",\"item\":\"https:\\\/\\\/www.kancelariapawlowski.pl\\\/\"},{\"@type\":\"ListItem\",\"position\":2,\"name\":\"Strona g\u0142\u00f3wna\"}]},{\"@type\":\"WebSite\",\"@id\":\"https:\\\/\\\/www.kancelariapawlowski.pl\\\/#website\",\"url\":\"https:\\\/\\\/www.kancelariapawlowski.pl\\\/\",\"name\":\"Adwokat Adam Paw\u0142owski Kancelaria Adwokacka\",\"description\":\"\",\"potentialAction\":[{\"@type\":\"SearchAction\",\"target\":{\"@type\":\"EntryPoint\",\"urlTemplate\":\"https:\\\/\\\/www.kancelariapawlowski.pl\\\/?s={search_term_string}\"},\"query-input\":{\"@type\":\"PropertyValueSpecification\",\"valueRequired\":true,\"valueName\":\"search_term_string\"}}],\"inLanguage\":\"pl-PL\"}]}<\/script>\n<!-- \/ Yoast SEO plugin. -->","yoast_head_json":{"title":"Adwokat Adam Paw\u0142owski - Kancelaria Adwokacka Wodzis\u0142aw \u015al\u0105ski","description":"Kancelaria \u015bwiadczy profesjonaln\u0105 pomoc prawn\u0105 na rzecz przedsi\u0119biorc\u00f3w i klient\u00f3w indywidualnych z poszanowaniem przepis\u00f3w prawa, przestrzegaj\u0105c zasad etyki i godno\u015bci zawodu adwokata. Kancelaria Adwokacka po\u0142o\u017cona jest w Wodzis\u0142awiu \u015al\u0105skim przy ul. Wa\u0142owej 31.","robots":{"index":"index","follow":"follow","max-snippet":"max-snippet:-1","max-image-preview":"max-image-preview:large","max-video-preview":"max-video-preview:-1"},"canonical":"https:\/\/www.kancelariapawlowski.pl\/","og_locale":"pl_PL","og_type":"article","og_title":"Adwokat Adam Paw\u0142owski - Kancelaria Adwokacka Wodzis\u0142aw \u015al\u0105ski","og_description":"Kancelaria \u015bwiadczy profesjonaln\u0105 pomoc prawn\u0105 na rzecz przedsi\u0119biorc\u00f3w i klient\u00f3w indywidualnych z poszanowaniem przepis\u00f3w prawa, przestrzegaj\u0105c zasad etyki i godno\u015bci zawodu adwokata. Kancelaria Adwokacka po\u0142o\u017cona jest w Wodzis\u0142awiu \u015al\u0105skim przy ul. Wa\u0142owej 31.","og_url":"https:\/\/www.kancelariapawlowski.pl\/","og_site_name":"Adwokat Adam Paw\u0142owski Kancelaria Adwokacka","article_modified_time":"2024-03-27T20:50:06+00:00","og_image":[{"width":558,"height":270,"url":"https:\/\/www.kancelariapawlowski.pl\/wp-content\/uploads\/2023\/11\/icon-wide.png","type":"image\/png"}],"twitter_card":"summary_large_image","twitter_misc":{"Szacowany czas czytania":"1 minuta"},"schema":{"@context":"https:\/\/schema.org","@graph":[{"@type":"WebPage","@id":"https:\/\/www.kancelariapawlowski.pl\/","url":"https:\/\/www.kancelariapawlowski.pl\/","name":"Adwokat Adam Paw\u0142owski - Kancelaria Adwokacka Wodzis\u0142aw \u015al\u0105ski","isPartOf":{"@id":"https:\/\/www.kancelariapawlowski.pl\/#website"},"datePublished":"2023-11-01T08:14:46+00:00","dateModified":"2024-03-27T20:50:06+00:00","description":"Kancelaria \u015bwiadczy profesjonaln\u0105 pomoc prawn\u0105 na rzecz przedsi\u0119biorc\u00f3w i klient\u00f3w indywidualnych z poszanowaniem przepis\u00f3w prawa, przestrzegaj\u0105c zasad etyki i godno\u015bci zawodu adwokata. Kancelaria Adwokacka po\u0142o\u017cona jest w Wodzis\u0142awiu \u015al\u0105skim przy ul. Wa\u0142owej 31.","breadcrumb":{"@id":"https:\/\/www.kancelariapawlowski.pl\/#breadcrumb"},"inLanguage":"pl-PL","potentialAction":[{"@type":"ReadAction","target":["https:\/\/www.kancelariapawlowski.pl\/"]}]},{"@type":"BreadcrumbList","@id":"https:\/\/www.kancelariapawlowski.pl\/#breadcrumb","itemListElement":[{"@type":"ListItem","position":1,"name":"Strona g\u0142\u00f3wna","item":"https:\/\/www.kancelariapawlowski.pl\/"},{"@type":"ListItem","position":2,"name":"Strona g\u0142\u00f3wna"}]},{"@type":"WebSite","@id":"https:\/\/www.kancelariapawlowski.pl\/#website","url":"https:\/\/www.kancelariapawlowski.pl\/","name":"Adwokat Adam Paw\u0142owski Kancelaria Adwokacka","description":"","potentialAction":[{"@type":"SearchAction","target":{"@type":"EntryPoint","urlTemplate":"https:\/\/www.kancelariapawlowski.pl\/?s={search_term_string}"},"query-input":{"@type":"PropertyValueSpecification","valueRequired":true,"valueName":"search_term_string"}}],"inLanguage":"pl-PL"}]}},"_links":{"self":[{"href":"https:\/\/www.kancelariapawlowski.pl\/index.php\/wp-json\/wp\/v2\/pages\/1","targetHints":{"allow":["GET"]}}],"collection":[{"href":"https:\/\/www.kancelariapawlowski.pl\/index.php\/wp-json\/wp\/v2\/pages"}],"about":[{"href":"https:\/\/www.kancelariapawlowski.pl\/index.php\/wp-json\/wp\/v2\/types\/page"}],"author":[{"embeddable":true,"href":"https:\/\/www.kancelariapawlowski.pl\/index.php\/wp-json\/wp\/v2\/users\/1"}],"replies":[{"embeddable":true,"href":"https:\/\/www.kancelariapawlowski.pl\/index.php\/wp-json\/wp\/v2\/comments?post=1"}],"version-history":[{"count":0,"href":"https:\/\/www.kancelariapawlowski.pl\/index.php\/wp-json\/wp\/v2\/pages\/1\/revisions"}],"wp:attachment":[{"href":"https:\/\/www.kancelariapawlowski.pl\/index.php\/wp-json\/wp\/v2\/media?parent=1"}],"curies":[{"name":"wp","href":"https:\/\/api.w.org\/{rel}","templated":true}]}}